{"id":3245,"date":"2024-09-30T09:20:02","date_gmt":"2024-09-30T09:20:02","guid":{"rendered":"https:\/\/www.interraboya.com.tr\/en\/?page_id=3245"},"modified":"2024-11-01T09:02:17","modified_gmt":"2024-11-01T09:02:17","slug":"desen-kagidi","status":"publish","type":"page","link":"https:\/\/www.interraboya.com.tr\/en\/desen-kagidi\/","title":{"rendered":"Desen Ka\u011f\u0131d\u0131"},"content":{"rendered":"\t\t<div data-elementor-type=\"wp-page\" data-elementor-id=\"3245\" class=\"elementor elementor-3245\" data-elementor-post-type=\"page\">\n\t\t\t\t\t\t<section class=\"elementor-section elementor-top-section elementor-element elementor-element-6661db8 elementor-section-full_width elementor-section-height-default elementor-section-height-default\" data-id=\"6661db8\" data-element_type=\"section\" data-e-type=\"section\">\n\t\t\t\t\t\t<div class=\"elementor-container elementor-column-gap-no\">\n\t\t\t\t\t<div class=\"elementor-column elementor-col-100 elementor-top-column elementor-element elementor-element-ae65382\" data-id=\"ae65382\" data-element_type=\"column\" data-e-type=\"column\">\n\t\t\t<div class=\"elementor-widget-wrap elementor-element-populated\">\n\t\t\t\t\t\t<div class=\"elementor-element elementor-element-a1ee7fc elementor-widget elementor-widget-spacer\" data-id=\"a1ee7fc\" data-element_type=\"widget\" data-e-type=\"widget\" data-widget_type=\"spacer.default\">\n\t\t\t\t<div class=\"elementor-widget-container\">\n\t\t\t\t\t\t\t<div class=\"elementor-spacer\">\n\t\t\t<div class=\"elementor-spacer-inner\"><\/div>\n\t\t<\/div>\n\t\t\t\t\t\t<\/div>\n\t\t\t\t<\/div>\n\t\t\t\t\t<\/div>\n\t\t<\/div>\n\t\t\t\t\t<\/div>\n\t\t<\/section>\n\t\t\t\t<section class=\"elementor-section elementor-top-section elementor-element elementor-element-9419f3f elementor-section-full_width elementor-section-height-default elementor-section-height-default\" data-id=\"9419f3f\" data-element_type=\"section\" data-e-type=\"section\">\n\t\t\t\t\t\t<div class=\"elementor-container elementor-column-gap-no\">\n\t\t\t\t\t<div class=\"elementor-column elementor-col-100 elementor-top-column elementor-element elementor-element-4ce41da\" data-id=\"4ce41da\" data-element_type=\"column\" data-e-type=\"column\">\n\t\t\t<div class=\"elementor-widget-wrap elementor-element-populated\">\n\t\t\t\t\t\t<div class=\"elementor-element elementor-element-2830330 elementor-widget elementor-widget-about\" data-id=\"2830330\" data-element_type=\"widget\" data-e-type=\"widget\" data-widget_type=\"about.default\">\n\t\t\t\t<div class=\"elementor-widget-container\">\n\t\t\t\t\t\r\n\t\t\r\n        <section class=\"about-area tp-box-space\" >\r\n            <div class=\"about-wrapper\">\r\n                <div class=\"container\">\r\n                    <div class=\"row\">\r\n                    <div class=\"col-xl-6 col-lg-12 col-12\">\r\n                        <div class=\"about-thumb text-lg-center p-relative ml-85 mb-60 wow fadeInLeft\" data-wow-delay=\".3s\">\r\n                                                         <img decoding=\"async\" src=\"https:\/\/www.interraboya.com.tr\/en\/wp-content\/uploads\/2024\/10\/suni-deri.png\" alt=\"\">\r\n                             \r\n                            \r\n                                                            <div class=\"about-thumb-shape d-none d-md-block\">\r\n                                    <img decoding=\"async\" src=\"https:\/\/www.interraboya.com.tr\/en\/wp-content\/uploads\/2024\/10\/suni-deri.png\" alt=\"\">\r\n                                <\/div>\r\n                                                     <\/div>\r\n                    <\/div>\r\n                    <div class=\"col-xl-6 col-lg-12 col-12\">\r\n                        <div class=\"about-content ml-60 mb-60 wow fadeInRight\" data-wow-delay=\".3s\">\r\n                                                        <div class=\"tp-section\">\r\n                                                                <h2 class=\"tp-section__title mb-45\">Casting\/Release Paper<\/h2>                                                                    <i>Plain and patterned transfer papers used in the production of artificial leather, which give pattern to the leather.\n<\/i>\r\n                                                                                            <\/div>\r\n                            \r\n                                                    <\/div>\r\n                    <\/div>\r\n                    <\/div>\r\n                <\/div>\r\n            <\/div>\r\n        <\/section>\r\n\r\n        \r\n        \t\t\t\t<\/div>\n\t\t\t\t<\/div>\n\t\t\t\t\t<\/div>\n\t\t<\/div>\n\t\t\t\t\t<\/div>\n\t\t<\/section>\n\t\t\t\t<\/div>\n\t\t","protected":false},"excerpt":{"rendered":"<p>Casting\/Release Paper Plain and patterned transfer papers used in the production of artificial leather, which give pattern to the leather. Contact Us: Send Message<\/p>\n","protected":false},"author":1,"featured_media":0,"parent":0,"menu_order":0,"comment_status":"closed","ping_status":"closed","template":"elementor_header_footer","meta":{"_monsterinsights_skip_tracking":false,"_monsterinsights_sitenote_active":false,"_monsterinsights_sitenote_note":"","_monsterinsights_sitenote_category":0,"footnotes":""},"class_list":["post-3245","page","type-page","status-publish","hentry"],"acf":[],"aioseo_notices":[],"yoast_head":"<!-- This site is optimized with the Yoast SEO plugin v27.3 - https:\/\/yoast.com\/product\/yoast-seo-wordpress\/ -->\n<title>Desen Ka\u011f\u0131d\u0131 - Interra Boya<\/title>\n<meta name=\"robots\" content=\"index, follow, max-snippet:-1, max-image-preview:large, max-video-preview:-1\" \/>\n<link rel=\"canonical\" href=\"https:\/\/www.interraboya.com.tr\/en\/desen-kagidi\/\" \/>\n<meta property=\"og:locale\" content=\"tr_TR\" \/>\n<meta property=\"og:type\" content=\"article\" \/>\n<meta property=\"og:title\" content=\"Desen Ka\u011f\u0131d\u0131 - Interra Boya\" \/>\n<meta property=\"og:description\" content=\"Casting\/Release Paper Plain and patterned transfer papers used in the production of artificial leather, which give pattern to the leather. Contact Us: Send Message\" \/>\n<meta property=\"og:url\" content=\"https:\/\/www.interraboya.com.tr\/en\/desen-kagidi\/\" \/>\n<meta property=\"og:site_name\" content=\"Interra Boya\" \/>\n<meta property=\"article:modified_time\" content=\"2024-11-01T09:02:17+00:00\" \/>\n<meta property=\"og:image\" content=\"https:\/\/www.interraboya.com.tr\/en\/wp-content\/uploads\/2024\/10\/suni-deri.png\" \/>\n<meta name=\"twitter:card\" content=\"summary_large_image\" \/>\n<script type=\"application\/ld+json\" class=\"yoast-schema-graph\">{\"@context\":\"https:\\\/\\\/schema.org\",\"@graph\":[{\"@type\":\"WebPage\",\"@id\":\"https:\\\/\\\/www.interraboya.com.tr\\\/en\\\/desen-kagidi\\\/\",\"url\":\"https:\\\/\\\/www.interraboya.com.tr\\\/en\\\/desen-kagidi\\\/\",\"name\":\"Desen Ka\u011f\u0131d\u0131 - Interra Boya\",\"isPartOf\":{\"@id\":\"https:\\\/\\\/www.interraboya.com.tr\\\/en\\\/#website\"},\"primaryImageOfPage\":{\"@id\":\"https:\\\/\\\/www.interraboya.com.tr\\\/en\\\/desen-kagidi\\\/#primaryimage\"},\"image\":{\"@id\":\"https:\\\/\\\/www.interraboya.com.tr\\\/en\\\/desen-kagidi\\\/#primaryimage\"},\"thumbnailUrl\":\"https:\\\/\\\/www.interraboya.com.tr\\\/en\\\/wp-content\\\/uploads\\\/2024\\\/10\\\/suni-deri.png\",\"datePublished\":\"2024-09-30T09:20:02+00:00\",\"dateModified\":\"2024-11-01T09:02:17+00:00\",\"breadcrumb\":{\"@id\":\"https:\\\/\\\/www.interraboya.com.tr\\\/en\\\/desen-kagidi\\\/#breadcrumb\"},\"inLanguage\":\"tr\",\"potentialAction\":[{\"@type\":\"ReadAction\",\"target\":[\"https:\\\/\\\/www.interraboya.com.tr\\\/en\\\/desen-kagidi\\\/\"]}]},{\"@type\":\"ImageObject\",\"inLanguage\":\"tr\",\"@id\":\"https:\\\/\\\/www.interraboya.com.tr\\\/en\\\/desen-kagidi\\\/#primaryimage\",\"url\":\"https:\\\/\\\/www.interraboya.com.tr\\\/en\\\/wp-content\\\/uploads\\\/2024\\\/10\\\/suni-deri.png\",\"contentUrl\":\"https:\\\/\\\/www.interraboya.com.tr\\\/en\\\/wp-content\\\/uploads\\\/2024\\\/10\\\/suni-deri.png\",\"width\":700,\"height\":700},{\"@type\":\"BreadcrumbList\",\"@id\":\"https:\\\/\\\/www.interraboya.com.tr\\\/en\\\/desen-kagidi\\\/#breadcrumb\",\"itemListElement\":[{\"@type\":\"ListItem\",\"position\":1,\"name\":\"Anasayfa\",\"item\":\"https:\\\/\\\/www.interraboya.com.tr\\\/en\\\/\"},{\"@type\":\"ListItem\",\"position\":2,\"name\":\"Desen Ka\u011f\u0131d\u0131\"}]},{\"@type\":\"WebSite\",\"@id\":\"https:\\\/\\\/www.interraboya.com.tr\\\/en\\\/#website\",\"url\":\"https:\\\/\\\/www.interraboya.com.tr\\\/en\\\/\",\"name\":\"Interra Boya\",\"description\":\"Interraboya\",\"potentialAction\":[{\"@type\":\"SearchAction\",\"target\":{\"@type\":\"EntryPoint\",\"urlTemplate\":\"https:\\\/\\\/www.interraboya.com.tr\\\/en\\\/?s={search_term_string}\"},\"query-input\":{\"@type\":\"PropertyValueSpecification\",\"valueRequired\":true,\"valueName\":\"search_term_string\"}}],\"inLanguage\":\"tr\"}]}<\/script>\n<!-- \/ Yoast SEO plugin. -->","yoast_head_json":{"title":"Desen Ka\u011f\u0131d\u0131 - Interra Boya","robots":{"index":"index","follow":"follow","max-snippet":"max-snippet:-1","max-image-preview":"max-image-preview:large","max-video-preview":"max-video-preview:-1"},"canonical":"https:\/\/www.interraboya.com.tr\/en\/desen-kagidi\/","og_locale":"tr_TR","og_type":"article","og_title":"Desen Ka\u011f\u0131d\u0131 - Interra Boya","og_description":"Casting\/Release Paper Plain and patterned transfer papers used in the production of artificial leather, which give pattern to the leather. Contact Us: Send Message","og_url":"https:\/\/www.interraboya.com.tr\/en\/desen-kagidi\/","og_site_name":"Interra Boya","article_modified_time":"2024-11-01T09:02:17+00:00","og_image":[{"url":"https:\/\/www.interraboya.com.tr\/en\/wp-content\/uploads\/2024\/10\/suni-deri.png","type":"","width":"","height":""}],"twitter_card":"summary_large_image","schema":{"@context":"https:\/\/schema.org","@graph":[{"@type":"WebPage","@id":"https:\/\/www.interraboya.com.tr\/en\/desen-kagidi\/","url":"https:\/\/www.interraboya.com.tr\/en\/desen-kagidi\/","name":"Desen Ka\u011f\u0131d\u0131 - Interra Boya","isPartOf":{"@id":"https:\/\/www.interraboya.com.tr\/en\/#website"},"primaryImageOfPage":{"@id":"https:\/\/www.interraboya.com.tr\/en\/desen-kagidi\/#primaryimage"},"image":{"@id":"https:\/\/www.interraboya.com.tr\/en\/desen-kagidi\/#primaryimage"},"thumbnailUrl":"https:\/\/www.interraboya.com.tr\/en\/wp-content\/uploads\/2024\/10\/suni-deri.png","datePublished":"2024-09-30T09:20:02+00:00","dateModified":"2024-11-01T09:02:17+00:00","breadcrumb":{"@id":"https:\/\/www.interraboya.com.tr\/en\/desen-kagidi\/#breadcrumb"},"inLanguage":"tr","potentialAction":[{"@type":"ReadAction","target":["https:\/\/www.interraboya.com.tr\/en\/desen-kagidi\/"]}]},{"@type":"ImageObject","inLanguage":"tr","@id":"https:\/\/www.interraboya.com.tr\/en\/desen-kagidi\/#primaryimage","url":"https:\/\/www.interraboya.com.tr\/en\/wp-content\/uploads\/2024\/10\/suni-deri.png","contentUrl":"https:\/\/www.interraboya.com.tr\/en\/wp-content\/uploads\/2024\/10\/suni-deri.png","width":700,"height":700},{"@type":"BreadcrumbList","@id":"https:\/\/www.interraboya.com.tr\/en\/desen-kagidi\/#breadcrumb","itemListElement":[{"@type":"ListItem","position":1,"name":"Anasayfa","item":"https:\/\/www.interraboya.com.tr\/en\/"},{"@type":"ListItem","position":2,"name":"Desen Ka\u011f\u0131d\u0131"}]},{"@type":"WebSite","@id":"https:\/\/www.interraboya.com.tr\/en\/#website","url":"https:\/\/www.interraboya.com.tr\/en\/","name":"Interra Boya","description":"Interraboya","potentialAction":[{"@type":"SearchAction","target":{"@type":"EntryPoint","urlTemplate":"https:\/\/www.interraboya.com.tr\/en\/?s={search_term_string}"},"query-input":{"@type":"PropertyValueSpecification","valueRequired":true,"valueName":"search_term_string"}}],"inLanguage":"tr"}]}},"_links":{"self":[{"href":"https:\/\/www.interraboya.com.tr\/en\/wp-json\/wp\/v2\/pages\/3245","targetHints":{"allow":["GET"]}}],"collection":[{"href":"https:\/\/www.interraboya.com.tr\/en\/wp-json\/wp\/v2\/pages"}],"about":[{"href":"https:\/\/www.interraboya.com.tr\/en\/wp-json\/wp\/v2\/types\/page"}],"author":[{"embeddable":true,"href":"https:\/\/www.interraboya.com.tr\/en\/wp-json\/wp\/v2\/users\/1"}],"replies":[{"embeddable":true,"href":"https:\/\/www.interraboya.com.tr\/en\/wp-json\/wp\/v2\/comments?post=3245"}],"version-history":[{"count":22,"href":"https:\/\/www.interraboya.com.tr\/en\/wp-json\/wp\/v2\/pages\/3245\/revisions"}],"predecessor-version":[{"id":3659,"href":"https:\/\/www.interraboya.com.tr\/en\/wp-json\/wp\/v2\/pages\/3245\/revisions\/3659"}],"wp:attachment":[{"href":"https:\/\/www.interraboya.com.tr\/en\/wp-json\/wp\/v2\/media?parent=3245"}],"curies":[{"name":"wp","href":"https:\/\/api.w.org\/{rel}","templated":true}]}}